{"id":154291,"date":"2016-04-27T05:29:35","date_gmt":"2016-04-27T05:29:35","guid":{"rendered":"https:\/\/mymodernmet.com\/submit-content\/"},"modified":"2018-09-18T10:46:18","modified_gmt":"2018-09-18T14:46:18","slug":"envia-contenido","status":"publish","type":"page","link":"https:\/\/mymodernmet.com\/es\/envia-contenido\/","title":{"rendered":"Env\u00eda Contenido"},"content":{"rendered":"<p>&iquest;Eres artista, dise&ntilde;ador o fot&oacute;grafo y te gustar&iacute;a que tu trabajo aparezca en My Modern Met en Espa&ntilde;ol? &iquest;Encontraste algo interesante o inspirador que quieras mostrarle a todo el mundo? &iexcl;Muy bien!<\/p>\n<p>Sigue estos pasos:\n<\/p>\n<ol>\n<li>Escr&iacute;benos un correo electr&oacute;nico corto con la informaci&oacute;n b&aacute;sica sobre ti y tu proyecto. Cu&eacute;ntanos qu&eacute; te llev&oacute; a realizarlo y qu&eacute; esperas que surja de &eacute;l. Si hay una historia inspiradora detr&aacute;s, por favor comp&aacute;rtela con nosotros.<\/li>\n<li>Incluye un enlace\/link al proyecto (tu sitio web, Behance, p&aacute;gina de Flickr, etc.)<\/li>\n<li>Adjunta dos o tres im&aacute;genes con un ancho de 750 pixeles. Si es una serie y nos interesa, te pediremos m&aacute;s.<\/li>\n<li>Env&iacute;a un correo electr&oacute;nico a <a href=\"mailto:espanol@mymodernmet.com\">espanol@mymodernmet.com<\/a>.<\/li>\n<\/ol>\n<p>Si nos parece un tema apropiado para My Modern Met en Espa&ntilde;ol, nos pondremos en contacto contigo en 48 horas o menos. &iexcl;Muchas gracias!<\/p>\n","protected":false},"excerpt":{"rendered":"<p>&iquest;Eres artista, dise&ntilde;ador o fot&oacute;grafo y te gustar&iacute;a que tu trabajo aparezca en My Modern Met en Espa&ntilde;ol? &iquest;Encontraste algo interesante o inspirador que quieras mostrarle a todo el mundo? &iexcl;Muy bien! Sigue estos pasos: Escr&iacute;benos un correo electr&oacute;nico corto con la informaci&oacute;n b&aacute;sica sobre ti y tu proyecto. Cu&eacute;ntanos qu&eacute; te llev&oacute; a realizarlo [&hellip;]<\/p>\n","protected":false},"author":1,"featured_media":0,"parent":0,"menu_order":0,"comment_status":"closed","ping_status":"closed","template":"","meta":{"_acf_changed":false,"om_disable_all_campaigns":false,"_wp_convertkit_post_meta":{"form":"-1","landing_page":"0","tag":"0","restrict_content":"0"},"footnotes":""},"class_list":["post-154291","page","type-page","status-publish","hentry"],"acf":[],"yoast_head":"<!-- This site is optimized with the Yoast SEO Premium plugin v27.4 (Yoast SEO v27.4) - https:\/\/yoast.com\/product\/yoast-seo-premium-wordpress\/ -->\n<title>Env\u00eda Contenido<\/title>\n<meta name=\"description\" content=\"\u00bfEres artista, dise\u00f1ador o fot\u00f3grafo y te gustar\u00eda que tu trabajo aparezca en My Modern Met en Espa\u00f1ol? \u00bfEncontraste algo interesante o inspirador que\" \/>\n<meta name=\"robots\" content=\"index, follow, max-snippet:-1, max-image-preview:large, max-video-preview:-1\" \/>\n<link rel=\"canonical\" href=\"https:\/\/mymodernmet.com\/es\/envia-contenido\/\" \/>\n<meta property=\"og:locale\" content=\"es_ES\" \/>\n<meta property=\"og:type\" content=\"article\" \/>\n<meta property=\"og:title\" content=\"Env\u00eda Contenido\" \/>\n<meta property=\"og:description\" content=\"\u00bfEres artista, dise\u00f1ador o fot\u00f3grafo y te gustar\u00eda que tu trabajo aparezca en My Modern Met en Espa\u00f1ol? \u00bfEncontraste algo interesante o inspirador que\" \/>\n<meta property=\"og:url\" content=\"https:\/\/mymodernmet.com\/es\/envia-contenido\/\" \/>\n<meta property=\"og:site_name\" content=\"My Modern Met en Espa\u00f1ol\" \/>\n<meta property=\"article:publisher\" content=\"https:\/\/www.facebook.com\/mymodernmet\" \/>\n<meta property=\"article:modified_time\" content=\"2018-09-18T14:46:18+00:00\" \/>\n<meta property=\"og:image\" content=\"https:\/\/mymodernmet.com\/wp\/wp-content\/uploads\/2024\/12\/My-Modern-Met-Screenshot-homepage.jpeg\" \/>\n\t<meta property=\"og:image:width\" content=\"1200\" \/>\n\t<meta property=\"og:image:height\" content=\"675\" \/>\n\t<meta property=\"og:image:type\" content=\"image\/jpeg\" \/>\n<meta name=\"twitter:card\" content=\"summary_large_image\" \/>\n<meta name=\"twitter:site\" content=\"@mymodernmetes\" \/>\n<meta name=\"twitter:label1\" content=\"Est. reading time\" \/>\n\t<meta name=\"twitter:data1\" content=\"1 minute\" \/>\n<script type=\"application\/ld+json\" class=\"yoast-schema-graph\">{\"@context\":\"https:\\\/\\\/schema.org\",\"@graph\":[{\"@type\":\"WebPage\",\"@id\":\"https:\\\/\\\/mymodernmet.com\\\/es\\\/envia-contenido\\\/\",\"url\":\"https:\\\/\\\/mymodernmet.com\\\/es\\\/envia-contenido\\\/\",\"name\":\"Env\u00eda Contenido\",\"isPartOf\":{\"@id\":\"https:\\\/\\\/mymodernmet.com\\\/es\\\/#website\"},\"datePublished\":\"2016-04-27T05:29:35+00:00\",\"dateModified\":\"2018-09-18T14:46:18+00:00\",\"description\":\"\u00bfEres artista, dise\u00f1ador o fot\u00f3grafo y te gustar\u00eda que tu trabajo aparezca en My Modern Met en Espa\u00f1ol? \u00bfEncontraste algo interesante o inspirador que\",\"breadcrumb\":{\"@id\":\"https:\\\/\\\/mymodernmet.com\\\/es\\\/envia-contenido\\\/#breadcrumb\"},\"inLanguage\":\"es-ES\",\"potentialAction\":[{\"@type\":\"ReadAction\",\"target\":[\"https:\\\/\\\/mymodernmet.com\\\/es\\\/envia-contenido\\\/\"]}]},{\"@type\":\"BreadcrumbList\",\"@id\":\"https:\\\/\\\/mymodernmet.com\\\/es\\\/envia-contenido\\\/#breadcrumb\",\"itemListElement\":[{\"@type\":\"ListItem\",\"position\":1,\"name\":\"Home\",\"item\":\"https:\\\/\\\/mymodernmet.com\\\/es\\\/\"},{\"@type\":\"ListItem\",\"position\":2,\"name\":\"Env\u00eda Contenido\"}]},{\"@type\":\"WebSite\",\"@id\":\"https:\\\/\\\/mymodernmet.com\\\/es\\\/#website\",\"url\":\"https:\\\/\\\/mymodernmet.com\\\/es\\\/\",\"name\":\"My Modern Met\",\"description\":\"The Big City That Celebrates Creative Ideas\",\"publisher\":{\"@id\":\"https:\\\/\\\/mymodernmet.com\\\/es\\\/#organization\"},\"alternateName\":\"My Modern Met\",\"potentialAction\":[{\"@type\":\"SearchAction\",\"target\":{\"@type\":\"EntryPoint\",\"urlTemplate\":\"https:\\\/\\\/mymodernmet.com\\\/es\\\/?s={search_term_string}\"},\"query-input\":{\"@type\":\"PropertyValueSpecification\",\"valueRequired\":true,\"valueName\":\"search_term_string\"}}],\"inLanguage\":\"es-ES\"},{\"@type\":\"Organization\",\"@id\":\"https:\\\/\\\/mymodernmet.com\\\/es\\\/#organization\",\"name\":\"My Modern Met\",\"alternateName\":\"My Modern Met\",\"url\":\"https:\\\/\\\/mymodernmet.com\\\/es\\\/\",\"logo\":{\"@type\":\"ImageObject\",\"inLanguage\":\"es-ES\",\"@id\":\"https:\\\/\\\/mymodernmet.com\\\/es\\\/#\\\/schema\\\/logo\\\/image\\\/\",\"url\":\"https:\\\/\\\/mymodernmet.com\\\/wp\\\/wp-content\\\/uploads\\\/2016\\\/12\\\/tumblr-logo.jpg\",\"contentUrl\":\"https:\\\/\\\/mymodernmet.com\\\/wp\\\/wp-content\\\/uploads\\\/2016\\\/12\\\/tumblr-logo.jpg\",\"width\":600,\"height\":600,\"caption\":\"My Modern Met\"},\"image\":{\"@id\":\"https:\\\/\\\/mymodernmet.com\\\/es\\\/#\\\/schema\\\/logo\\\/image\\\/\"},\"sameAs\":[\"https:\\\/\\\/www.facebook.com\\\/mymodernmet\",\"https:\\\/\\\/x.com\\\/mymodernmet\",\"https:\\\/\\\/www.instagram.com\\\/mymodernmet\\\/\",\"https:\\\/\\\/www.linkedin.com\\\/company\\\/3811009?trk=tyah&amp;amp;amp;trkInfo=clickedVertical:company,clickedEntityId:3811009,idx:2-1-2,tarId:1484473853378,tas:my modern\",\"https:\\\/\\\/www.pinterest.com\\\/mymodernmet\\\/\",\"https:\\\/\\\/www.youtube.com\\\/channel\\\/UCmiC4DC-xa6rqVJeNiRWDcQ\"]}]}<\/script>\n<!-- \/ Yoast SEO Premium plugin. -->","yoast_head_json":{"title":"Env\u00eda Contenido","description":"\u00bfEres artista, dise\u00f1ador o fot\u00f3grafo y te gustar\u00eda que tu trabajo aparezca en My Modern Met en Espa\u00f1ol? \u00bfEncontraste algo interesante o inspirador que","robots":{"index":"index","follow":"follow","max-snippet":"max-snippet:-1","max-image-preview":"max-image-preview:large","max-video-preview":"max-video-preview:-1"},"canonical":"https:\/\/mymodernmet.com\/es\/envia-contenido\/","og_locale":"es_ES","og_type":"article","og_title":"Env\u00eda Contenido","og_description":"\u00bfEres artista, dise\u00f1ador o fot\u00f3grafo y te gustar\u00eda que tu trabajo aparezca en My Modern Met en Espa\u00f1ol? \u00bfEncontraste algo interesante o inspirador que","og_url":"https:\/\/mymodernmet.com\/es\/envia-contenido\/","og_site_name":"My Modern Met en Espa\u00f1ol","article_publisher":"https:\/\/www.facebook.com\/mymodernmet","article_modified_time":"2018-09-18T14:46:18+00:00","og_image":[{"width":1200,"height":675,"url":"https:\/\/mymodernmet.com\/wp\/wp-content\/uploads\/2024\/12\/My-Modern-Met-Screenshot-homepage.jpeg","type":"image\/jpeg"}],"twitter_card":"summary_large_image","twitter_site":"@mymodernmetes","twitter_misc":{"Est. reading time":"1 minute"},"schema":{"@context":"https:\/\/schema.org","@graph":[{"@type":"WebPage","@id":"https:\/\/mymodernmet.com\/es\/envia-contenido\/","url":"https:\/\/mymodernmet.com\/es\/envia-contenido\/","name":"Env\u00eda Contenido","isPartOf":{"@id":"https:\/\/mymodernmet.com\/es\/#website"},"datePublished":"2016-04-27T05:29:35+00:00","dateModified":"2018-09-18T14:46:18+00:00","description":"\u00bfEres artista, dise\u00f1ador o fot\u00f3grafo y te gustar\u00eda que tu trabajo aparezca en My Modern Met en Espa\u00f1ol? \u00bfEncontraste algo interesante o inspirador que","breadcrumb":{"@id":"https:\/\/mymodernmet.com\/es\/envia-contenido\/#breadcrumb"},"inLanguage":"es-ES","potentialAction":[{"@type":"ReadAction","target":["https:\/\/mymodernmet.com\/es\/envia-contenido\/"]}]},{"@type":"BreadcrumbList","@id":"https:\/\/mymodernmet.com\/es\/envia-contenido\/#breadcrumb","itemListElement":[{"@type":"ListItem","position":1,"name":"Home","item":"https:\/\/mymodernmet.com\/es\/"},{"@type":"ListItem","position":2,"name":"Env\u00eda Contenido"}]},{"@type":"WebSite","@id":"https:\/\/mymodernmet.com\/es\/#website","url":"https:\/\/mymodernmet.com\/es\/","name":"My Modern Met","description":"The Big City That Celebrates Creative Ideas","publisher":{"@id":"https:\/\/mymodernmet.com\/es\/#organization"},"alternateName":"My Modern Met","potentialAction":[{"@type":"SearchAction","target":{"@type":"EntryPoint","urlTemplate":"https:\/\/mymodernmet.com\/es\/?s={search_term_string}"},"query-input":{"@type":"PropertyValueSpecification","valueRequired":true,"valueName":"search_term_string"}}],"inLanguage":"es-ES"},{"@type":"Organization","@id":"https:\/\/mymodernmet.com\/es\/#organization","name":"My Modern Met","alternateName":"My Modern Met","url":"https:\/\/mymodernmet.com\/es\/","logo":{"@type":"ImageObject","inLanguage":"es-ES","@id":"https:\/\/mymodernmet.com\/es\/#\/schema\/logo\/image\/","url":"https:\/\/mymodernmet.com\/wp\/wp-content\/uploads\/2016\/12\/tumblr-logo.jpg","contentUrl":"https:\/\/mymodernmet.com\/wp\/wp-content\/uploads\/2016\/12\/tumblr-logo.jpg","width":600,"height":600,"caption":"My Modern Met"},"image":{"@id":"https:\/\/mymodernmet.com\/es\/#\/schema\/logo\/image\/"},"sameAs":["https:\/\/www.facebook.com\/mymodernmet","https:\/\/x.com\/mymodernmet","https:\/\/www.instagram.com\/mymodernmet\/","https:\/\/www.linkedin.com\/company\/3811009?trk=tyah&amp;amp;amp;trkInfo=clickedVertical:company,clickedEntityId:3811009,idx:2-1-2,tarId:1484473853378,tas:my modern","https:\/\/www.pinterest.com\/mymodernmet\/","https:\/\/www.youtube.com\/channel\/UCmiC4DC-xa6rqVJeNiRWDcQ"]}]}},"_links":{"self":[{"href":"https:\/\/mymodernmet.com\/es\/wp-json\/wp\/v2\/pages\/154291","targetHints":{"allow":["GET"]}}],"collection":[{"href":"https:\/\/mymodernmet.com\/es\/wp-json\/wp\/v2\/pages"}],"about":[{"href":"https:\/\/mymodernmet.com\/es\/wp-json\/wp\/v2\/types\/page"}],"author":[{"embeddable":true,"href":"https:\/\/mymodernmet.com\/es\/wp-json\/wp\/v2\/users\/1"}],"replies":[{"embeddable":true,"href":"https:\/\/mymodernmet.com\/es\/wp-json\/wp\/v2\/comments?post=154291"}],"version-history":[{"count":1,"href":"https:\/\/mymodernmet.com\/es\/wp-json\/wp\/v2\/pages\/154291\/revisions"}],"predecessor-version":[{"id":154292,"href":"https:\/\/mymodernmet.com\/es\/wp-json\/wp\/v2\/pages\/154291\/revisions\/154292"}],"wp:attachment":[{"href":"https:\/\/mymodernmet.com\/es\/wp-json\/wp\/v2\/media?parent=154291"}],"curies":[{"name":"wp","href":"https:\/\/api.w.org\/{rel}","templated":true}]}}