{"id":366652,"date":"2021-03-12T05:40:41","date_gmt":"2021-03-12T10:40:41","guid":{"rendered":"https:\/\/mymodernmet.com\/?page_id=366652"},"modified":"2021-03-12T05:40:41","modified_gmt":"2021-03-12T10:40:41","slug":"conditions-utilisation","status":"publish","type":"page","link":"https:\/\/mymodernmet.com\/fr\/conditions-utilisation\/","title":{"rendered":"Conditions d&#8217;utilisation"},"content":{"rendered":"<p><span id=\"s2_1\">My Modern Met France reconna&icirc;t que, bien que nous nous efforcions de rapporter l'information de mani&egrave;re exacte, nous ne pouvons v&eacute;rifier l'int&eacute;gralit&eacute; du contenu publi&eacute;.<\/span> Concernant<span id=\"s2_2\">&nbsp;les images, nous obtenons l&rsquo;autorisation des auteurs ou utilisons des images appartenant au domaine public.<\/span><\/p>\n<p><span id=\"s2_3\">Si certaines histoires ou images publi&eacute;es sur le site contreviennent &agrave; la loi sur le droit d&rsquo;auteur, veuillez &eacute;crire &agrave; <a href=\"mailto:staff@mymodernmet.com\">staff@mymodernmet.com<\/a> et nous supprimerons les informations en question d&egrave;s que possible.<\/span><\/p>\n<p><span id=\"s2_4\">En tant que lecteur de ce site, vous acceptez de ne pas soumettre, t&eacute;l&eacute;charger, distribuer ou faciliter la distribution sur le site Web de tout contenu :<\/span><\/p>\n<ul>\n<li><span id=\"s2_5\">Violant tout brevet, marque d&eacute;pos&eacute;e, droit d&rsquo;auteur, droit &agrave; l'image ou tout autre droit de toute autre personne ou entit&eacute;, ou enfreignant toute loi ou obligation contractuelle.<\/span><\/li>\n<li><span id=\"s2_6\">Trompeur, mensonger ou inexact de mani&egrave;re volontaire.<\/span><\/li>\n<li><span id=\"s2_7\">Ill&eacute;gal, mena&ccedil;ant, injurieux, harcelant, diffamatoire, calomnieux, trompeur, frauduleux, portant atteinte &agrave; la vie priv&eacute;e d'autrui, d&eacute;lictuel, ind&eacute;cent, vulgaire, &agrave; caract&egrave;re sexuel ou pornographique, offensant, blasph&eacute;matoire, contenant de la nudit&eacute;, ou consid&eacute;r&eacute; comme inappropri&eacute; selon des crit&egrave;res &eacute;tablis &agrave; notre seule discr&eacute;tion. <\/span><\/li>\n<li>Usurpant l'identit&eacute; de toute personne ou entit&eacute;, y compris l'un de nos employ&eacute;s.<\/li>\n<\/ul>\n","protected":false},"excerpt":{"rendered":"<p>My Modern Met France reconna&icirc;t que, bien que nous nous efforcions de rapporter l&#8217;information de mani&egrave;re exacte, nous ne pouvons v&eacute;rifier l&#8217;int&eacute;gralit&eacute; du contenu publi&eacute;. Concernant&nbsp;les images, nous obtenons l&rsquo;autorisation des auteurs ou utilisons des images appartenant au domaine public. Si certaines histoires ou images publi&eacute;es sur le site contreviennent &agrave; la loi sur le [&hellip;]<\/p>\n","protected":false},"author":1,"featured_media":0,"parent":0,"menu_order":0,"comment_status":"closed","ping_status":"closed","template":"","meta":{"_acf_changed":false,"om_disable_all_campaigns":false,"_wp_convertkit_post_meta":{"form":"-1","landing_page":"0","tag":"0"},"footnotes":""},"class_list":["post-366652","page","type-page","status-publish","hentry"],"acf":[],"yoast_head":"<!-- This site is optimized with the Yoast SEO Premium plugin v27.4 (Yoast SEO v27.4) - https:\/\/yoast.com\/product\/yoast-seo-premium-wordpress\/ -->\n<title>Conditions d&#039;utilisation<\/title>\n<meta name=\"description\" content=\"My Modern Met France reconna\u00eet que, bien que nous nous efforcions de rapporter l&#039;information de mani\u00e8re exacte, nous ne pouvons v\u00e9rifier l&#039;int\u00e9gralit\u00e9 du\" \/>\n<meta name=\"robots\" content=\"index, follow, max-snippet:-1, max-image-preview:large, max-video-preview:-1\" \/>\n<link rel=\"canonical\" href=\"https:\/\/mymodernmet.com\/fr\/conditions-utilisation\/\" \/>\n<meta property=\"og:locale\" content=\"fr_FR\" \/>\n<meta property=\"og:type\" content=\"article\" \/>\n<meta property=\"og:title\" content=\"Conditions d&#039;utilisation\" \/>\n<meta property=\"og:description\" content=\"My Modern Met France reconna\u00eet que, bien que nous nous efforcions de rapporter l&#039;information de mani\u00e8re exacte, nous ne pouvons v\u00e9rifier l&#039;int\u00e9gralit\u00e9 du\" \/>\n<meta property=\"og:url\" content=\"https:\/\/mymodernmet.com\/fr\/conditions-utilisation\/\" \/>\n<meta property=\"og:site_name\" content=\"My Modern Met France\" \/>\n<meta property=\"article:publisher\" content=\"https:\/\/www.facebook.com\/mymodernmet\" \/>\n<meta property=\"og:image\" content=\"https:\/\/mymodernmet.com\/wp\/wp-content\/uploads\/2024\/12\/My-Modern-Met-Screenshot-homepage.jpeg\" \/>\n\t<meta property=\"og:image:width\" content=\"1200\" \/>\n\t<meta property=\"og:image:height\" content=\"675\" \/>\n\t<meta property=\"og:image:type\" content=\"image\/jpeg\" \/>\n<meta name=\"twitter:card\" content=\"summary_large_image\" \/>\n<meta name=\"twitter:site\" content=\"@mymodernmetfr\" \/>\n<meta name=\"twitter:label1\" content=\"Est. reading time\" \/>\n\t<meta name=\"twitter:data1\" content=\"1 minute\" \/>\n<script type=\"application\/ld+json\" class=\"yoast-schema-graph\">{\"@context\":\"https:\\\/\\\/schema.org\",\"@graph\":[{\"@type\":\"WebPage\",\"@id\":\"https:\\\/\\\/mymodernmet.com\\\/fr\\\/conditions-utilisation\\\/\",\"url\":\"https:\\\/\\\/mymodernmet.com\\\/fr\\\/conditions-utilisation\\\/\",\"name\":\"Conditions d'utilisation\",\"isPartOf\":{\"@id\":\"https:\\\/\\\/mymodernmet.com\\\/fr\\\/#website\"},\"datePublished\":\"2021-03-12T10:40:41+00:00\",\"description\":\"My Modern Met France reconna\u00eet que, bien que nous nous efforcions de rapporter l'information de mani\u00e8re exacte, nous ne pouvons v\u00e9rifier l'int\u00e9gralit\u00e9 du\",\"breadcrumb\":{\"@id\":\"https:\\\/\\\/mymodernmet.com\\\/fr\\\/conditions-utilisation\\\/#breadcrumb\"},\"inLanguage\":\"fr-FR\",\"potentialAction\":[{\"@type\":\"ReadAction\",\"target\":[\"https:\\\/\\\/mymodernmet.com\\\/fr\\\/conditions-utilisation\\\/\"]}]},{\"@type\":\"BreadcrumbList\",\"@id\":\"https:\\\/\\\/mymodernmet.com\\\/fr\\\/conditions-utilisation\\\/#breadcrumb\",\"itemListElement\":[{\"@type\":\"ListItem\",\"position\":1,\"name\":\"Home\",\"item\":\"https:\\\/\\\/mymodernmet.com\\\/fr\\\/\"},{\"@type\":\"ListItem\",\"position\":2,\"name\":\"Conditions d&#8217;utilisation\"}]},{\"@type\":\"WebSite\",\"@id\":\"https:\\\/\\\/mymodernmet.com\\\/fr\\\/#website\",\"url\":\"https:\\\/\\\/mymodernmet.com\\\/fr\\\/\",\"name\":\"My Modern Met\",\"description\":\"The Big City That Celebrates Creative Ideas\",\"publisher\":{\"@id\":\"https:\\\/\\\/mymodernmet.com\\\/fr\\\/#organization\"},\"alternateName\":\"My Modern Met\",\"potentialAction\":[{\"@type\":\"SearchAction\",\"target\":{\"@type\":\"EntryPoint\",\"urlTemplate\":\"https:\\\/\\\/mymodernmet.com\\\/fr\\\/?s={search_term_string}\"},\"query-input\":{\"@type\":\"PropertyValueSpecification\",\"valueRequired\":true,\"valueName\":\"search_term_string\"}}],\"inLanguage\":\"fr-FR\"},{\"@type\":\"Organization\",\"@id\":\"https:\\\/\\\/mymodernmet.com\\\/fr\\\/#organization\",\"name\":\"My Modern Met\",\"alternateName\":\"My Modern Met\",\"url\":\"https:\\\/\\\/mymodernmet.com\\\/fr\\\/\",\"logo\":{\"@type\":\"ImageObject\",\"inLanguage\":\"fr-FR\",\"@id\":\"https:\\\/\\\/mymodernmet.com\\\/fr\\\/#\\\/schema\\\/logo\\\/image\\\/\",\"url\":\"https:\\\/\\\/mymodernmet.com\\\/wp\\\/wp-content\\\/uploads\\\/2016\\\/12\\\/tumblr-logo.jpg\",\"contentUrl\":\"https:\\\/\\\/mymodernmet.com\\\/wp\\\/wp-content\\\/uploads\\\/2016\\\/12\\\/tumblr-logo.jpg\",\"width\":600,\"height\":600,\"caption\":\"My Modern Met\"},\"image\":{\"@id\":\"https:\\\/\\\/mymodernmet.com\\\/fr\\\/#\\\/schema\\\/logo\\\/image\\\/\"},\"sameAs\":[\"https:\\\/\\\/www.facebook.com\\\/mymodernmet\",\"https:\\\/\\\/x.com\\\/mymodernmet\",\"https:\\\/\\\/www.instagram.com\\\/mymodernmet\\\/\",\"https:\\\/\\\/www.linkedin.com\\\/company\\\/3811009?trk=tyah&amp;amp;amp;trkInfo=clickedVertical:company,clickedEntityId:3811009,idx:2-1-2,tarId:1484473853378,tas:my modern\",\"https:\\\/\\\/www.pinterest.com\\\/mymodernmet\\\/\",\"https:\\\/\\\/www.youtube.com\\\/channel\\\/UCmiC4DC-xa6rqVJeNiRWDcQ\"]}]}<\/script>\n<!-- \/ Yoast SEO Premium plugin. -->","yoast_head_json":{"title":"Conditions d'utilisation","description":"My Modern Met France reconna\u00eet que, bien que nous nous efforcions de rapporter l'information de mani\u00e8re exacte, nous ne pouvons v\u00e9rifier l'int\u00e9gralit\u00e9 du","robots":{"index":"index","follow":"follow","max-snippet":"max-snippet:-1","max-image-preview":"max-image-preview:large","max-video-preview":"max-video-preview:-1"},"canonical":"https:\/\/mymodernmet.com\/fr\/conditions-utilisation\/","og_locale":"fr_FR","og_type":"article","og_title":"Conditions d'utilisation","og_description":"My Modern Met France reconna\u00eet que, bien que nous nous efforcions de rapporter l'information de mani\u00e8re exacte, nous ne pouvons v\u00e9rifier l'int\u00e9gralit\u00e9 du","og_url":"https:\/\/mymodernmet.com\/fr\/conditions-utilisation\/","og_site_name":"My Modern Met France","article_publisher":"https:\/\/www.facebook.com\/mymodernmet","og_image":[{"width":1200,"height":675,"url":"https:\/\/mymodernmet.com\/wp\/wp-content\/uploads\/2024\/12\/My-Modern-Met-Screenshot-homepage.jpeg","type":"image\/jpeg"}],"twitter_card":"summary_large_image","twitter_site":"@mymodernmetfr","twitter_misc":{"Est. reading time":"1 minute"},"schema":{"@context":"https:\/\/schema.org","@graph":[{"@type":"WebPage","@id":"https:\/\/mymodernmet.com\/fr\/conditions-utilisation\/","url":"https:\/\/mymodernmet.com\/fr\/conditions-utilisation\/","name":"Conditions d'utilisation","isPartOf":{"@id":"https:\/\/mymodernmet.com\/fr\/#website"},"datePublished":"2021-03-12T10:40:41+00:00","description":"My Modern Met France reconna\u00eet que, bien que nous nous efforcions de rapporter l'information de mani\u00e8re exacte, nous ne pouvons v\u00e9rifier l'int\u00e9gralit\u00e9 du","breadcrumb":{"@id":"https:\/\/mymodernmet.com\/fr\/conditions-utilisation\/#breadcrumb"},"inLanguage":"fr-FR","potentialAction":[{"@type":"ReadAction","target":["https:\/\/mymodernmet.com\/fr\/conditions-utilisation\/"]}]},{"@type":"BreadcrumbList","@id":"https:\/\/mymodernmet.com\/fr\/conditions-utilisation\/#breadcrumb","itemListElement":[{"@type":"ListItem","position":1,"name":"Home","item":"https:\/\/mymodernmet.com\/fr\/"},{"@type":"ListItem","position":2,"name":"Conditions d&#8217;utilisation"}]},{"@type":"WebSite","@id":"https:\/\/mymodernmet.com\/fr\/#website","url":"https:\/\/mymodernmet.com\/fr\/","name":"My Modern Met","description":"The Big City That Celebrates Creative Ideas","publisher":{"@id":"https:\/\/mymodernmet.com\/fr\/#organization"},"alternateName":"My Modern Met","potentialAction":[{"@type":"SearchAction","target":{"@type":"EntryPoint","urlTemplate":"https:\/\/mymodernmet.com\/fr\/?s={search_term_string}"},"query-input":{"@type":"PropertyValueSpecification","valueRequired":true,"valueName":"search_term_string"}}],"inLanguage":"fr-FR"},{"@type":"Organization","@id":"https:\/\/mymodernmet.com\/fr\/#organization","name":"My Modern Met","alternateName":"My Modern Met","url":"https:\/\/mymodernmet.com\/fr\/","logo":{"@type":"ImageObject","inLanguage":"fr-FR","@id":"https:\/\/mymodernmet.com\/fr\/#\/schema\/logo\/image\/","url":"https:\/\/mymodernmet.com\/wp\/wp-content\/uploads\/2016\/12\/tumblr-logo.jpg","contentUrl":"https:\/\/mymodernmet.com\/wp\/wp-content\/uploads\/2016\/12\/tumblr-logo.jpg","width":600,"height":600,"caption":"My Modern Met"},"image":{"@id":"https:\/\/mymodernmet.com\/fr\/#\/schema\/logo\/image\/"},"sameAs":["https:\/\/www.facebook.com\/mymodernmet","https:\/\/x.com\/mymodernmet","https:\/\/www.instagram.com\/mymodernmet\/","https:\/\/www.linkedin.com\/company\/3811009?trk=tyah&amp;amp;amp;trkInfo=clickedVertical:company,clickedEntityId:3811009,idx:2-1-2,tarId:1484473853378,tas:my modern","https:\/\/www.pinterest.com\/mymodernmet\/","https:\/\/www.youtube.com\/channel\/UCmiC4DC-xa6rqVJeNiRWDcQ"]}]}},"_links":{"self":[{"href":"https:\/\/mymodernmet.com\/fr\/wp-json\/wp\/v2\/pages\/366652","targetHints":{"allow":["GET"]}}],"collection":[{"href":"https:\/\/mymodernmet.com\/fr\/wp-json\/wp\/v2\/pages"}],"about":[{"href":"https:\/\/mymodernmet.com\/fr\/wp-json\/wp\/v2\/types\/page"}],"author":[{"embeddable":true,"href":"https:\/\/mymodernmet.com\/fr\/wp-json\/wp\/v2\/users\/1"}],"replies":[{"embeddable":true,"href":"https:\/\/mymodernmet.com\/fr\/wp-json\/wp\/v2\/comments?post=366652"}],"version-history":[{"count":6,"href":"https:\/\/mymodernmet.com\/fr\/wp-json\/wp\/v2\/pages\/366652\/revisions"}],"predecessor-version":[{"id":370043,"href":"https:\/\/mymodernmet.com\/fr\/wp-json\/wp\/v2\/pages\/366652\/revisions\/370043"}],"wp:attachment":[{"href":"https:\/\/mymodernmet.com\/fr\/wp-json\/wp\/v2\/media?parent=366652"}],"curies":[{"name":"wp","href":"https:\/\/api.w.org\/{rel}","templated":true}]}}